{"id":200,"date":"2024-05-15T20:15:29","date_gmt":"2024-05-15T20:15:29","guid":{"rendered":"https:\/\/www.bliesgau-solar.de\/?page_id=200"},"modified":"2024-05-15T20:16:22","modified_gmt":"2024-05-15T20:16:22","slug":"datenschutzerklarung","status":"publish","type":"page","link":"https:\/\/www.bliesgau-solar.de\/index.php\/datenschutzerklarung\/","title":{"rendered":"Datenschutzerkl\u00e4rung"},"content":{"rendered":"\t\t<div data-elementor-type=\"wp-page\" data-elementor-id=\"200\" class=\"elementor elementor-200\" data-elementor-post-type=\"page\">\n\t\t\t\t<div class=\"elementor-element elementor-element-59a020d e-flex e-con-boxed e-con e-parent\" data-id=\"59a020d\" data-element_type=\"container\" data-e-type=\"container\">\n\t\t\t\t\t<div class=\"e-con-inner\">\n\t\t\t\t<div class=\"elementor-element elementor-element-0d186e1 elementor-widget elementor-widget-text-editor\" data-id=\"0d186e1\" data-element_type=\"widget\" data-e-type=\"widget\" data-widget_type=\"text-editor.default\">\n\t\t\t\t<div class=\"elementor-widget-container\">\n\t\t\t\t\t\t\t\t\t<header class=\"page-header\"><h2 class=\"entry-title\">Datenschutzerkl\u00e4rung<\/h2><\/header><div class=\"page-content\"><div class=\"elementor elementor-249\" data-elementor-type=\"wp-page\" data-elementor-id=\"249\" data-elementor-post-type=\"page\"><div class=\"elementor-element elementor-element-30d27ec e-flex e-con-boxed e-con e-parent e-lazyloaded\" data-id=\"30d27ec\" data-element_type=\"container\"><div class=\"e-con-inner\"><div class=\"elementor-element elementor-element-04bb6ce elementor-widget elementor-widget-text-editor\" data-id=\"04bb6ce\" data-element_type=\"widget\" data-widget_type=\"text-editor.default\"><div class=\"elementor-widget-container\"><p><strong>1. Datenschutz auf einen Blick<\/strong><\/p><p>Allgemeine Hinweise: Die folgenden Hinweise geben einen einfachen \u00dcberblick dar\u00fcber, was mit Ihren personenbezogenen Daten passiert, wenn Sie unsere Website besuchen. Personenbezogene Daten sind alle Daten, mit denen Sie pers\u00f6nlich identifiziert werden k\u00f6nnen. Ausf\u00fchrliche Informationen zum Thema Datenschutz entnehmen Sie unserer unter diesem Text aufgef\u00fchrten Datenschutzerkl\u00e4rung.<\/p><p>Datenerfassung auf unserer Website: Die Datenerfassung auf dieser Website erfolgt durch den Websitebetreiber. Dessen Kontaktdaten k\u00f6nnen Sie dem Impressum dieser Website entnehmen.<\/p><p><strong>2. Allgemeine Hinweise und Pflichtinformationen<\/strong><\/p><p>Datenschutz: Die Betreiber dieser Seiten nehmen den Schutz Ihrer pers\u00f6nlichen Daten sehr ernst. Wir behandeln Ihre personenbezogenen Daten vertraulich und entsprechend der gesetzlichen Datenschutzvorschriften sowie dieser Datenschutzerkl\u00e4rung.<\/p><p>Widerruf Ihrer Einwilligung zur Datenverarbeitung: Viele Datenverarbeitungsvorg\u00e4nge sind nur mit Ihrer ausdr\u00fccklichen Einwilligung m\u00f6glich. Sie k\u00f6nnen eine bereits erteilte Einwilligung jederzeit widerrufen. Dazu reicht eine formlose Mitteilung per E-Mail an uns. Die Rechtm\u00e4\u00dfigkeit der bis zum Widerruf erfolgten Datenverarbeitung bleibt vom Widerruf unber\u00fchrt.<\/p><p><strong>3. Datenerfassung auf unserer Website<\/strong><\/p><p>Cookies: Die Internetseiten verwenden teilweise so genannte Cookies. Cookies richten auf Ihrem Rechner keinen Schaden an und enthalten keine Viren. Cookies dienen dazu, unser Angebot nutzerfreundlicher, effektiver und sicherer zu machen. Cookies sind kleine Textdateien, die auf Ihrem Rechner abgelegt werden und die Ihr Browser speichert.<\/p><p>Server-Log-Dateien: Der Provider der Seiten erhebt und speichert automatisch Informationen in so genannten Server-Log-Dateien, die Ihr Browser automatisch an uns \u00fcbermittelt. Dies sind:<\/p><ul><li>Browsertyp und Browserversion<\/li><li>verwendetes Betriebssystem<\/li><li>Referrer URL<\/li><li>Hostname des zugreifenden Rechners<\/li><li>Uhrzeit der Serveranfrage<\/li><li>IP-Adresse Eine Zusammenf\u00fchrung dieser Daten mit anderen Datenquellen wird nicht vorgenommen.<\/li><\/ul><p>Kontaktformular: Wenn Sie uns per Kontaktformular Anfragen zukommen lassen, werden Ihre Angaben aus dem Anfrageformular inklusive der von Ihnen dort angegebenen Kontaktdaten zwecks Bearbeitung der Anfrage und f\u00fcr den Fall von Anschlussfragen bei uns gespeichert. Diese Daten geben wir nicht ohne Ihre Einwilligung weiter.<\/p><p><strong>4. Plugins und Tools<\/strong><\/p><p>Elementor: Unsere Website verwendet Elementor, ein Tool zur visuellen Gestaltung von Webseiten. Elementor verwendet ebenfalls Cookies, um die Benutzererfahrung zu verbessern und um die Seitenlayouts zu speichern. Daten, die durch Elementor erfasst werden, sind nicht personenbezogen, es sei denn, Sie geben diese Informationen explizit in einem von Elementor erstellten Formular ein.<\/p><p><strong>5. Anpassung und Aktualisierung der Datenschutzerkl\u00e4rung<\/strong><\/p><p>Wir behalten uns vor, diese Datenschutzerkl\u00e4rung anzupassen, um sie stets den aktuellen rechtlichen Anforderungen zu entsprechen oder um \u00c4nderungen unserer Dienste in der Datenschutzerkl\u00e4rung umzusetzen, z.B. bei der Einf\u00fchrung neuer Services. F\u00fcr Ihren erneuten Besuch gilt dann die neue Datenschutzerkl\u00e4rung.<\/p><\/div><\/div><\/div><\/div><\/div><\/div>\t\t\t\t\t\t\t\t<\/div>\n\t\t\t\t<\/div>\n\t\t\t\t\t<\/div>\n\t\t\t\t<\/div>\n\t\t\t\t<\/div>\n\t\t","protected":false},"excerpt":{"rendered":"<p>Datenschutzerkl\u00e4rung 1. Datenschutz auf einen Blick Allgemeine Hinweise: Die folgenden Hinweise geben einen einfachen \u00dcberblick dar\u00fcber, was mit Ihren personenbezogenen Daten passiert, wenn Sie unsere Website besuchen. Personenbezogene Daten sind alle Daten, mit denen Sie pers\u00f6nlich identifiziert werden k\u00f6nnen. Ausf\u00fchrliche Informationen zum Thema Datenschutz entnehmen Sie unserer unter diesem Text aufgef\u00fchrten Datenschutzerkl\u00e4rung. Datenerfassung auf unserer [&hellip;]<\/p>\n","protected":false},"author":1,"featured_media":0,"parent":0,"menu_order":0,"comment_status":"closed","ping_status":"closed","template":"","meta":{"footnotes":""},"class_list":["post-200","page","type-page","status-publish","hentry"],"yoast_head":"<!-- This site is optimized with the Yoast SEO plugin v27.1.1 - https:\/\/yoast.com\/product\/yoast-seo-wordpress\/ -->\n<title>Datenschutzerkl\u00e4rung - BLIESGAU SOLAR UG<\/title>\n<meta name=\"robots\" content=\"index, follow, max-snippet:-1, max-image-preview:large, max-video-preview:-1\" \/>\n<link rel=\"canonical\" href=\"https:\/\/www.bliesgau-solar.de\/index.php\/datenschutzerklarung\/\" \/>\n<meta property=\"og:locale\" content=\"de_DE\" \/>\n<meta property=\"og:type\" content=\"article\" \/>\n<meta property=\"og:title\" content=\"Datenschutzerkl\u00e4rung - BLIESGAU SOLAR UG\" \/>\n<meta property=\"og:description\" content=\"Datenschutzerkl\u00e4rung 1. Datenschutz auf einen Blick Allgemeine Hinweise: Die folgenden Hinweise geben einen einfachen \u00dcberblick dar\u00fcber, was mit Ihren personenbezogenen Daten passiert, wenn Sie unsere Website besuchen. Personenbezogene Daten sind alle Daten, mit denen Sie pers\u00f6nlich identifiziert werden k\u00f6nnen. Ausf\u00fchrliche Informationen zum Thema Datenschutz entnehmen Sie unserer unter diesem Text aufgef\u00fchrten Datenschutzerkl\u00e4rung. Datenerfassung auf unserer [&hellip;]\" \/>\n<meta property=\"og:url\" content=\"https:\/\/www.bliesgau-solar.de\/index.php\/datenschutzerklarung\/\" \/>\n<meta property=\"og:site_name\" content=\"BLIESGAU SOLAR UG\" \/>\n<meta property=\"article:modified_time\" content=\"2024-05-15T20:16:22+00:00\" \/>\n<meta name=\"twitter:card\" content=\"summary_large_image\" \/>\n<meta name=\"twitter:label1\" content=\"Gesch\u00e4tzte Lesezeit\" \/>\n\t<meta name=\"twitter:data1\" content=\"5\u00a0Minuten\" \/>\n<script type=\"application\/ld+json\" class=\"yoast-schema-graph\">{\"@context\":\"https:\/\/schema.org\",\"@graph\":[{\"@type\":\"WebPage\",\"@id\":\"https:\/\/www.bliesgau-solar.de\/index.php\/datenschutzerklarung\/\",\"url\":\"https:\/\/www.bliesgau-solar.de\/index.php\/datenschutzerklarung\/\",\"name\":\"Datenschutzerkl\u00e4rung - BLIESGAU SOLAR UG\",\"isPartOf\":{\"@id\":\"https:\/\/www.bliesgau-solar.de\/#website\"},\"datePublished\":\"2024-05-15T20:15:29+00:00\",\"dateModified\":\"2024-05-15T20:16:22+00:00\",\"breadcrumb\":{\"@id\":\"https:\/\/www.bliesgau-solar.de\/index.php\/datenschutzerklarung\/#breadcrumb\"},\"inLanguage\":\"de\",\"potentialAction\":[{\"@type\":\"ReadAction\",\"target\":[\"https:\/\/www.bliesgau-solar.de\/index.php\/datenschutzerklarung\/\"]}]},{\"@type\":\"BreadcrumbList\",\"@id\":\"https:\/\/www.bliesgau-solar.de\/index.php\/datenschutzerklarung\/#breadcrumb\",\"itemListElement\":[{\"@type\":\"ListItem\",\"position\":1,\"name\":\"Startseite\",\"item\":\"https:\/\/www.bliesgau-solar.de\/\"},{\"@type\":\"ListItem\",\"position\":2,\"name\":\"Datenschutzerkl\u00e4rung\"}]},{\"@type\":\"WebSite\",\"@id\":\"https:\/\/www.bliesgau-solar.de\/#website\",\"url\":\"https:\/\/www.bliesgau-solar.de\/\",\"name\":\"BLIESGAU SOLAR UG\",\"description\":\"\",\"publisher\":{\"@id\":\"https:\/\/www.bliesgau-solar.de\/#organization\"},\"potentialAction\":[{\"@type\":\"SearchAction\",\"target\":{\"@type\":\"EntryPoint\",\"urlTemplate\":\"https:\/\/www.bliesgau-solar.de\/?s={search_term_string}\"},\"query-input\":{\"@type\":\"PropertyValueSpecification\",\"valueRequired\":true,\"valueName\":\"search_term_string\"}}],\"inLanguage\":\"de\"},{\"@type\":\"Organization\",\"@id\":\"https:\/\/www.bliesgau-solar.de\/#organization\",\"name\":\"BLIESGAU SOLAR UG\",\"url\":\"https:\/\/www.bliesgau-solar.de\/\",\"logo\":{\"@type\":\"ImageObject\",\"inLanguage\":\"de\",\"@id\":\"https:\/\/www.bliesgau-solar.de\/#\/schema\/logo\/image\/\",\"url\":\"https:\/\/www.bliesgau-solar.de\/wp-content\/uploads\/2024\/05\/logowhite.png\",\"contentUrl\":\"https:\/\/www.bliesgau-solar.de\/wp-content\/uploads\/2024\/05\/logowhite.png\",\"width\":600,\"height\":399,\"caption\":\"BLIESGAU SOLAR UG\"},\"image\":{\"@id\":\"https:\/\/www.bliesgau-solar.de\/#\/schema\/logo\/image\/\"}}]}<\/script>\n<!-- \/ Yoast SEO plugin. -->","yoast_head_json":{"title":"Datenschutzerkl\u00e4rung - BLIESGAU SOLAR UG","robots":{"index":"index","follow":"follow","max-snippet":"max-snippet:-1","max-image-preview":"max-image-preview:large","max-video-preview":"max-video-preview:-1"},"canonical":"https:\/\/www.bliesgau-solar.de\/index.php\/datenschutzerklarung\/","og_locale":"de_DE","og_type":"article","og_title":"Datenschutzerkl\u00e4rung - BLIESGAU SOLAR UG","og_description":"Datenschutzerkl\u00e4rung 1. Datenschutz auf einen Blick Allgemeine Hinweise: Die folgenden Hinweise geben einen einfachen \u00dcberblick dar\u00fcber, was mit Ihren personenbezogenen Daten passiert, wenn Sie unsere Website besuchen. Personenbezogene Daten sind alle Daten, mit denen Sie pers\u00f6nlich identifiziert werden k\u00f6nnen. Ausf\u00fchrliche Informationen zum Thema Datenschutz entnehmen Sie unserer unter diesem Text aufgef\u00fchrten Datenschutzerkl\u00e4rung. Datenerfassung auf unserer [&hellip;]","og_url":"https:\/\/www.bliesgau-solar.de\/index.php\/datenschutzerklarung\/","og_site_name":"BLIESGAU SOLAR UG","article_modified_time":"2024-05-15T20:16:22+00:00","twitter_card":"summary_large_image","twitter_misc":{"Gesch\u00e4tzte Lesezeit":"5\u00a0Minuten"},"schema":{"@context":"https:\/\/schema.org","@graph":[{"@type":"WebPage","@id":"https:\/\/www.bliesgau-solar.de\/index.php\/datenschutzerklarung\/","url":"https:\/\/www.bliesgau-solar.de\/index.php\/datenschutzerklarung\/","name":"Datenschutzerkl\u00e4rung - BLIESGAU SOLAR UG","isPartOf":{"@id":"https:\/\/www.bliesgau-solar.de\/#website"},"datePublished":"2024-05-15T20:15:29+00:00","dateModified":"2024-05-15T20:16:22+00:00","breadcrumb":{"@id":"https:\/\/www.bliesgau-solar.de\/index.php\/datenschutzerklarung\/#breadcrumb"},"inLanguage":"de","potentialAction":[{"@type":"ReadAction","target":["https:\/\/www.bliesgau-solar.de\/index.php\/datenschutzerklarung\/"]}]},{"@type":"BreadcrumbList","@id":"https:\/\/www.bliesgau-solar.de\/index.php\/datenschutzerklarung\/#breadcrumb","itemListElement":[{"@type":"ListItem","position":1,"name":"Startseite","item":"https:\/\/www.bliesgau-solar.de\/"},{"@type":"ListItem","position":2,"name":"Datenschutzerkl\u00e4rung"}]},{"@type":"WebSite","@id":"https:\/\/www.bliesgau-solar.de\/#website","url":"https:\/\/www.bliesgau-solar.de\/","name":"BLIESGAU SOLAR UG","description":"","publisher":{"@id":"https:\/\/www.bliesgau-solar.de\/#organization"},"potentialAction":[{"@type":"SearchAction","target":{"@type":"EntryPoint","urlTemplate":"https:\/\/www.bliesgau-solar.de\/?s={search_term_string}"},"query-input":{"@type":"PropertyValueSpecification","valueRequired":true,"valueName":"search_term_string"}}],"inLanguage":"de"},{"@type":"Organization","@id":"https:\/\/www.bliesgau-solar.de\/#organization","name":"BLIESGAU SOLAR UG","url":"https:\/\/www.bliesgau-solar.de\/","logo":{"@type":"ImageObject","inLanguage":"de","@id":"https:\/\/www.bliesgau-solar.de\/#\/schema\/logo\/image\/","url":"https:\/\/www.bliesgau-solar.de\/wp-content\/uploads\/2024\/05\/logowhite.png","contentUrl":"https:\/\/www.bliesgau-solar.de\/wp-content\/uploads\/2024\/05\/logowhite.png","width":600,"height":399,"caption":"BLIESGAU SOLAR UG"},"image":{"@id":"https:\/\/www.bliesgau-solar.de\/#\/schema\/logo\/image\/"}}]}},"_links":{"self":[{"href":"https:\/\/www.bliesgau-solar.de\/index.php\/wp-json\/wp\/v2\/pages\/200","targetHints":{"allow":["GET"]}}],"collection":[{"href":"https:\/\/www.bliesgau-solar.de\/index.php\/wp-json\/wp\/v2\/pages"}],"about":[{"href":"https:\/\/www.bliesgau-solar.de\/index.php\/wp-json\/wp\/v2\/types\/page"}],"author":[{"embeddable":true,"href":"https:\/\/www.bliesgau-solar.de\/index.php\/wp-json\/wp\/v2\/users\/1"}],"replies":[{"embeddable":true,"href":"https:\/\/www.bliesgau-solar.de\/index.php\/wp-json\/wp\/v2\/comments?post=200"}],"version-history":[{"count":4,"href":"https:\/\/www.bliesgau-solar.de\/index.php\/wp-json\/wp\/v2\/pages\/200\/revisions"}],"predecessor-version":[{"id":204,"href":"https:\/\/www.bliesgau-solar.de\/index.php\/wp-json\/wp\/v2\/pages\/200\/revisions\/204"}],"wp:attachment":[{"href":"https:\/\/www.bliesgau-solar.de\/index.php\/wp-json\/wp\/v2\/media?parent=200"}],"curies":[{"name":"wp","href":"https:\/\/api.w.org\/{rel}","templated":true}]}}